{"id":11979,"date":"2023-05-30T23:42:29","date_gmt":"2023-05-30T23:42:29","guid":{"rendered":"https:\/\/test.labospa.ch\/longevity\/"},"modified":"2023-07-26T22:31:24","modified_gmt":"2023-07-26T22:31:24","slug":"longevity","status":"publish","type":"page","link":"https:\/\/labospa.angularity.de\/en\/longevity\/","title":{"rendered":"Longevity: Live better, Feel younger"},"content":{"rendered":"","protected":false},"excerpt":{"rendered":"","protected":false},"author":1,"featured_media":0,"parent":0,"menu_order":0,"comment_status":"closed","ping_status":"closed","template":"","meta":{"_acf_changed":false,"footnotes":""},"class_list":["post-11979","page","type-page","status-publish","hentry"],"acf":[],"yoast_head":"<!-- This site is optimized with the Yoast SEO plugin v24.0 - https:\/\/yoast.com\/wordpress\/plugins\/seo\/ -->\n<title>Das Spa Angebot von LABO Spa - Das Spa in Z\u00fcrich<\/title>\n<meta name=\"description\" content=\"Das Spa Angebot von LABO Spa umfasst Rundum Verw\u00f6hnprogramme, Gesichts-, K\u00f6rperpflege, Manik\u00fcre, Pedik\u00fcre, Massagen und Rituale aus aller Welt.\" \/>\n<meta name=\"robots\" content=\"noindex, follow, max-snippet:-1, max-image-preview:large, max-video-preview:-1\" \/>\n<meta property=\"og:locale\" content=\"en_US\" \/>\n<meta property=\"og:type\" content=\"article\" \/>\n<meta property=\"og:title\" content=\"Das Spa Angebot von LABO Spa - Das Spa in Z\u00fcrich\" \/>\n<meta property=\"og:description\" content=\"Das Spa Angebot von LABO Spa umfasst Rundum Verw\u00f6hnprogramme, Gesichts-, K\u00f6rperpflege, Manik\u00fcre, Pedik\u00fcre, Massagen und Rituale aus aller Welt.\" \/>\n<meta property=\"og:url\" content=\"https:\/\/www.labospa.ch\/en\/longevity\/\" \/>\n<meta property=\"og:site_name\" content=\"LABO Spa\" \/>\n<meta property=\"article:modified_time\" content=\"2023-07-26T22:31:24+00:00\" \/>\n<meta name=\"twitter:card\" content=\"summary_large_image\" \/>\n<script type=\"application\/ld+json\" class=\"yoast-schema-graph\">{\"@context\":\"https:\/\/schema.org\",\"@graph\":[{\"@type\":\"WebPage\",\"@id\":\"https:\/\/www.labospa.ch\/en\/longevity\/\",\"url\":\"https:\/\/www.labospa.ch\/en\/longevity\/\",\"name\":\"Das Spa Angebot von LABO Spa - Das Spa in Z\u00fcrich\",\"isPartOf\":{\"@id\":\"https:\/\/labospa.angularity.de\/#website\"},\"datePublished\":\"2023-05-30T23:42:29+00:00\",\"dateModified\":\"2023-07-26T22:31:24+00:00\",\"description\":\"Das Spa Angebot von LABO Spa umfasst Rundum Verw\u00f6hnprogramme, Gesichts-, K\u00f6rperpflege, Manik\u00fcre, Pedik\u00fcre, Massagen und Rituale aus aller Welt.\",\"breadcrumb\":{\"@id\":\"https:\/\/www.labospa.ch\/en\/longevity\/#breadcrumb\"},\"inLanguage\":\"en-US\",\"potentialAction\":[{\"@type\":\"ReadAction\",\"target\":[\"https:\/\/www.labospa.ch\/en\/longevity\/\"]}]},{\"@type\":\"BreadcrumbList\",\"@id\":\"https:\/\/www.labospa.ch\/en\/longevity\/#breadcrumb\",\"itemListElement\":[{\"@type\":\"ListItem\",\"position\":1,\"name\":\"Startseite\",\"item\":\"https:\/\/www.labospa.ch\/en\/\"},{\"@type\":\"ListItem\",\"position\":2,\"name\":\"Longevity: Live better, Feel younger\"}]},{\"@type\":\"WebSite\",\"@id\":\"https:\/\/labospa.angularity.de\/#website\",\"url\":\"https:\/\/labospa.angularity.de\/\",\"name\":\"LABO Spa\",\"description\":\"Z\u00fcrich\",\"potentialAction\":[{\"@type\":\"SearchAction\",\"target\":{\"@type\":\"EntryPoint\",\"urlTemplate\":\"https:\/\/labospa.angularity.de\/?s={search_term_string}\"},\"query-input\":{\"@type\":\"PropertyValueSpecification\",\"valueRequired\":true,\"valueName\":\"search_term_string\"}}],\"inLanguage\":\"en-US\"}]}<\/script>\n<!-- \/ Yoast SEO plugin. -->","yoast_head_json":{"title":"Das Spa Angebot von LABO Spa - Das Spa in Z\u00fcrich","description":"Das Spa Angebot von LABO Spa umfasst Rundum Verw\u00f6hnprogramme, Gesichts-, K\u00f6rperpflege, Manik\u00fcre, Pedik\u00fcre, Massagen und Rituale aus aller Welt.","robots":{"index":"noindex","follow":"follow","max-snippet":"max-snippet:-1","max-image-preview":"max-image-preview:large","max-video-preview":"max-video-preview:-1"},"og_locale":"en_US","og_type":"article","og_title":"Das Spa Angebot von LABO Spa - Das Spa in Z\u00fcrich","og_description":"Das Spa Angebot von LABO Spa umfasst Rundum Verw\u00f6hnprogramme, Gesichts-, K\u00f6rperpflege, Manik\u00fcre, Pedik\u00fcre, Massagen und Rituale aus aller Welt.","og_url":"https:\/\/www.labospa.ch\/en\/longevity\/","og_site_name":"LABO Spa","article_modified_time":"2023-07-26T22:31:24+00:00","twitter_card":"summary_large_image","schema":{"@context":"https:\/\/schema.org","@graph":[{"@type":"WebPage","@id":"https:\/\/www.labospa.ch\/en\/longevity\/","url":"https:\/\/www.labospa.ch\/en\/longevity\/","name":"Das Spa Angebot von LABO Spa - Das Spa in Z\u00fcrich","isPartOf":{"@id":"https:\/\/labospa.angularity.de\/#website"},"datePublished":"2023-05-30T23:42:29+00:00","dateModified":"2023-07-26T22:31:24+00:00","description":"Das Spa Angebot von LABO Spa umfasst Rundum Verw\u00f6hnprogramme, Gesichts-, K\u00f6rperpflege, Manik\u00fcre, Pedik\u00fcre, Massagen und Rituale aus aller Welt.","breadcrumb":{"@id":"https:\/\/www.labospa.ch\/en\/longevity\/#breadcrumb"},"inLanguage":"en-US","potentialAction":[{"@type":"ReadAction","target":["https:\/\/www.labospa.ch\/en\/longevity\/"]}]},{"@type":"BreadcrumbList","@id":"https:\/\/www.labospa.ch\/en\/longevity\/#breadcrumb","itemListElement":[{"@type":"ListItem","position":1,"name":"Startseite","item":"https:\/\/www.labospa.ch\/en\/"},{"@type":"ListItem","position":2,"name":"Longevity: Live better, Feel younger"}]},{"@type":"WebSite","@id":"https:\/\/labospa.angularity.de\/#website","url":"https:\/\/labospa.angularity.de\/","name":"LABO Spa","description":"Z\u00fcrich","potentialAction":[{"@type":"SearchAction","target":{"@type":"EntryPoint","urlTemplate":"https:\/\/labospa.angularity.de\/?s={search_term_string}"},"query-input":{"@type":"PropertyValueSpecification","valueRequired":true,"valueName":"search_term_string"}}],"inLanguage":"en-US"}]}},"_links":{"self":[{"href":"https:\/\/labospa.angularity.de\/en\/wp-json\/wp\/v2\/pages\/11979","targetHints":{"allow":["GET"]}}],"collection":[{"href":"https:\/\/labospa.angularity.de\/en\/wp-json\/wp\/v2\/pages"}],"about":[{"href":"https:\/\/labospa.angularity.de\/en\/wp-json\/wp\/v2\/types\/page"}],"author":[{"embeddable":true,"href":"https:\/\/labospa.angularity.de\/en\/wp-json\/wp\/v2\/users\/1"}],"replies":[{"embeddable":true,"href":"https:\/\/labospa.angularity.de\/en\/wp-json\/wp\/v2\/comments?post=11979"}],"version-history":[{"count":3,"href":"https:\/\/labospa.angularity.de\/en\/wp-json\/wp\/v2\/pages\/11979\/revisions"}],"predecessor-version":[{"id":12217,"href":"https:\/\/labospa.angularity.de\/en\/wp-json\/wp\/v2\/pages\/11979\/revisions\/12217"}],"wp:attachment":[{"href":"https:\/\/labospa.angularity.de\/en\/wp-json\/wp\/v2\/media?parent=11979"}],"curies":[{"name":"wp","href":"https:\/\/api.w.org\/{rel}","templated":true}]}}