{"id":260,"date":"2018-07-06T20:46:13","date_gmt":"2018-07-06T20:46:13","guid":{"rendered":"https:\/\/test.labospa.ch\/?page_id=260"},"modified":"2024-12-01T10:35:11","modified_gmt":"2024-12-01T10:35:11","slug":"home","status":"publish","type":"page","link":"https:\/\/labospa.angularity.de\/en\/","title":{"rendered":"Home"},"content":{"rendered":"","protected":false},"excerpt":{"rendered":"","protected":false},"author":1,"featured_media":0,"parent":0,"menu_order":0,"comment_status":"closed","ping_status":"closed","template":"","meta":{"_acf_changed":false,"footnotes":""},"class_list":["post-260","page","type-page","status-publish","hentry"],"acf":[],"yoast_head":"<!-- This site is optimized with the Yoast SEO plugin v24.0 - https:\/\/yoast.com\/wordpress\/plugins\/seo\/ -->\n<title>Spa in Z\u00fcrich - LABO Spa ist die Oase f\u00fcr Ihr Wohlbefinden<\/title>\n<meta name=\"description\" content=\"LABO Spa, das erste Day-Spa in Z\u00fcrich, ist eine Oase des Wohlbefindens mitten im Zentrum der pulsierenden Stadt. Regenerieren Sie K\u00f6rper und Seele.\" \/>\n<meta name=\"robots\" content=\"noindex, follow, max-snippet:-1, max-image-preview:large, max-video-preview:-1\" \/>\n<meta property=\"og:locale\" content=\"en_US\" \/>\n<meta property=\"og:type\" content=\"article\" \/>\n<meta property=\"og:title\" content=\"Spa in Z\u00fcrich - LABO Spa ist die Oase f\u00fcr Ihr Wohlbefinden\" \/>\n<meta property=\"og:description\" content=\"LABO Spa, das erste Day-Spa in Z\u00fcrich, ist eine Oase des Wohlbefindens mitten im Zentrum der pulsierenden Stadt. Regenerieren Sie K\u00f6rper und Seele.\" \/>\n<meta property=\"og:url\" content=\"https:\/\/www.labospa.ch\/en\/\" \/>\n<meta property=\"og:site_name\" content=\"LABO Spa\" \/>\n<meta property=\"article:modified_time\" content=\"2024-12-01T10:35:11+00:00\" \/>\n<meta name=\"twitter:card\" content=\"summary_large_image\" \/>\n<script type=\"application\/ld+json\" class=\"yoast-schema-graph\">{\"@context\":\"https:\/\/schema.org\",\"@graph\":[{\"@type\":\"WebPage\",\"@id\":\"https:\/\/www.labospa.ch\/en\/\",\"url\":\"https:\/\/www.labospa.ch\/en\/\",\"name\":\"Spa in Z\u00fcrich - LABO Spa ist die Oase f\u00fcr Ihr Wohlbefinden\",\"isPartOf\":{\"@id\":\"https:\/\/labospa.angularity.de\/#website\"},\"datePublished\":\"2018-07-06T20:46:13+00:00\",\"dateModified\":\"2024-12-01T10:35:11+00:00\",\"description\":\"LABO Spa, das erste Day-Spa in Z\u00fcrich, ist eine Oase des Wohlbefindens mitten im Zentrum der pulsierenden Stadt. Regenerieren Sie K\u00f6rper und Seele.\",\"breadcrumb\":{\"@id\":\"https:\/\/www.labospa.ch\/en\/#breadcrumb\"},\"inLanguage\":\"en-US\",\"potentialAction\":[{\"@type\":\"ReadAction\",\"target\":[\"https:\/\/www.labospa.ch\/en\/\"]}]},{\"@type\":\"BreadcrumbList\",\"@id\":\"https:\/\/www.labospa.ch\/en\/#breadcrumb\",\"itemListElement\":[{\"@type\":\"ListItem\",\"position\":1,\"name\":\"Startseite\",\"item\":\"https:\/\/www.labospa.ch\/en\/\"},{\"@type\":\"ListItem\",\"position\":2,\"name\":\"Home\"}]},{\"@type\":\"WebSite\",\"@id\":\"https:\/\/labospa.angularity.de\/#website\",\"url\":\"https:\/\/labospa.angularity.de\/\",\"name\":\"LABO Spa\",\"description\":\"Z\u00fcrich\",\"potentialAction\":[{\"@type\":\"SearchAction\",\"target\":{\"@type\":\"EntryPoint\",\"urlTemplate\":\"https:\/\/labospa.angularity.de\/?s={search_term_string}\"},\"query-input\":{\"@type\":\"PropertyValueSpecification\",\"valueRequired\":true,\"valueName\":\"search_term_string\"}}],\"inLanguage\":\"en-US\"}]}<\/script>\n<!-- \/ Yoast SEO plugin. -->","yoast_head_json":{"title":"Spa in Z\u00fcrich - LABO Spa ist die Oase f\u00fcr Ihr Wohlbefinden","description":"LABO Spa, das erste Day-Spa in Z\u00fcrich, ist eine Oase des Wohlbefindens mitten im Zentrum der pulsierenden Stadt. Regenerieren Sie K\u00f6rper und Seele.","robots":{"index":"noindex","follow":"follow","max-snippet":"max-snippet:-1","max-image-preview":"max-image-preview:large","max-video-preview":"max-video-preview:-1"},"og_locale":"en_US","og_type":"article","og_title":"Spa in Z\u00fcrich - LABO Spa ist die Oase f\u00fcr Ihr Wohlbefinden","og_description":"LABO Spa, das erste Day-Spa in Z\u00fcrich, ist eine Oase des Wohlbefindens mitten im Zentrum der pulsierenden Stadt. Regenerieren Sie K\u00f6rper und Seele.","og_url":"https:\/\/www.labospa.ch\/en\/","og_site_name":"LABO Spa","article_modified_time":"2024-12-01T10:35:11+00:00","twitter_card":"summary_large_image","schema":{"@context":"https:\/\/schema.org","@graph":[{"@type":"WebPage","@id":"https:\/\/www.labospa.ch\/en\/","url":"https:\/\/www.labospa.ch\/en\/","name":"Spa in Z\u00fcrich - LABO Spa ist die Oase f\u00fcr Ihr Wohlbefinden","isPartOf":{"@id":"https:\/\/labospa.angularity.de\/#website"},"datePublished":"2018-07-06T20:46:13+00:00","dateModified":"2024-12-01T10:35:11+00:00","description":"LABO Spa, das erste Day-Spa in Z\u00fcrich, ist eine Oase des Wohlbefindens mitten im Zentrum der pulsierenden Stadt. Regenerieren Sie K\u00f6rper und Seele.","breadcrumb":{"@id":"https:\/\/www.labospa.ch\/en\/#breadcrumb"},"inLanguage":"en-US","potentialAction":[{"@type":"ReadAction","target":["https:\/\/www.labospa.ch\/en\/"]}]},{"@type":"BreadcrumbList","@id":"https:\/\/www.labospa.ch\/en\/#breadcrumb","itemListElement":[{"@type":"ListItem","position":1,"name":"Startseite","item":"https:\/\/www.labospa.ch\/en\/"},{"@type":"ListItem","position":2,"name":"Home"}]},{"@type":"WebSite","@id":"https:\/\/labospa.angularity.de\/#website","url":"https:\/\/labospa.angularity.de\/","name":"LABO Spa","description":"Z\u00fcrich","potentialAction":[{"@type":"SearchAction","target":{"@type":"EntryPoint","urlTemplate":"https:\/\/labospa.angularity.de\/?s={search_term_string}"},"query-input":{"@type":"PropertyValueSpecification","valueRequired":true,"valueName":"search_term_string"}}],"inLanguage":"en-US"}]}},"_links":{"self":[{"href":"https:\/\/labospa.angularity.de\/en\/wp-json\/wp\/v2\/pages\/260","targetHints":{"allow":["GET"]}}],"collection":[{"href":"https:\/\/labospa.angularity.de\/en\/wp-json\/wp\/v2\/pages"}],"about":[{"href":"https:\/\/labospa.angularity.de\/en\/wp-json\/wp\/v2\/types\/page"}],"author":[{"embeddable":true,"href":"https:\/\/labospa.angularity.de\/en\/wp-json\/wp\/v2\/users\/1"}],"replies":[{"embeddable":true,"href":"https:\/\/labospa.angularity.de\/en\/wp-json\/wp\/v2\/comments?post=260"}],"version-history":[{"count":53,"href":"https:\/\/labospa.angularity.de\/en\/wp-json\/wp\/v2\/pages\/260\/revisions"}],"predecessor-version":[{"id":17814,"href":"https:\/\/labospa.angularity.de\/en\/wp-json\/wp\/v2\/pages\/260\/revisions\/17814"}],"wp:attachment":[{"href":"https:\/\/labospa.angularity.de\/en\/wp-json\/wp\/v2\/media?parent=260"}],"curies":[{"name":"wp","href":"https:\/\/api.w.org\/{rel}","templated":true}]}}