{"id":1408,"date":"2021-01-31T01:03:43","date_gmt":"2021-01-31T01:03:43","guid":{"rendered":"https:\/\/labospa.digital-3m.com\/produkt\/manicure-fuer-sie\/"},"modified":"2022-07-12T07:38:58","modified_gmt":"2022-07-12T07:38:58","slug":"manicure-fuer-sie","status":"publish","type":"product","link":"https:\/\/labospa.angularity.de\/en\/produkt\/manicure-fuer-sie\/","title":{"rendered":"Manicure f\u00fcr Sie"},"content":{"rendered":"<p>Ein ganzheitliches Sch\u00f6nheits- und Verw\u00f6hnprogramm f\u00fcr Ihre H\u00e4nde: eine fachgerechte Manik\u00fcre mit Anti-Aging Serum und Nagellackierung.<br \/>\nnBei der 60 Min. Deluxe Manicure werden Sie zus\u00e4tzlich mit einer feuchtigkeitspendende Maske und Massage verw\u00f6hnt.<\/p>\n","protected":false},"excerpt":{"rendered":"<p>Ein ganzheitliches Sch\u00f6nheits- und Verw\u00f6hnprogramm f\u00fcr Ihre H\u00e4nde: eine fachgerechte Manik\u00fcre mit Anti-Aging Serum und Nagellackierung. nBei der 60 Min. Deluxe Manicure werden Sie zus\u00e4tzlich mit einer feuchtigkeitspendende Maske und Massage verw\u00f6hnt.<\/p>\n","protected":false},"featured_media":0,"template":"","meta":{"_acf_changed":false},"product_cat":[66],"product_tag":[],"class_list":{"0":"post-1408","1":"product","2":"type-product","3":"status-publish","5":"product_cat-manicure-pedicure","6":"pa_dauer-50-min","7":"pa_dauer-60-min","9":"first","10":"instock","11":"taxable","12":"shipping-taxable","13":"purchasable","14":"product-type-variable","15":"has-default-attributes"},"acf":[],"yoast_head":"<!-- This site is optimized with the Yoast SEO plugin v24.0 - https:\/\/yoast.com\/wordpress\/plugins\/seo\/ -->\n<title>Manicure f\u00fcr Sie - LABO Spa<\/title>\n<meta name=\"robots\" content=\"noindex, follow, max-snippet:-1, max-image-preview:large, max-video-preview:-1\" \/>\n<meta property=\"og:locale\" content=\"en_US\" \/>\n<meta property=\"og:type\" content=\"article\" \/>\n<meta property=\"og:title\" content=\"Manicure f\u00fcr Sie - LABO Spa\" \/>\n<meta property=\"og:description\" content=\"Ein ganzheitliches Sch\u00f6nheits- und Verw\u00f6hnprogramm f\u00fcr Ihre H\u00e4nde: eine fachgerechte Manik\u00fcre mit Anti-Aging Serum und Nagellackierung. nBei der 60 Min. Deluxe Manicure werden Sie zus\u00e4tzlich mit einer feuchtigkeitspendende Maske und Massage verw\u00f6hnt.\" \/>\n<meta property=\"og:url\" content=\"https:\/\/www.labospa.ch\/produkt\/manicure-fuer-sie\/\" \/>\n<meta property=\"og:site_name\" content=\"LABO Spa\" \/>\n<meta property=\"article:modified_time\" content=\"2022-07-12T07:38:58+00:00\" \/>\n<meta name=\"twitter:card\" content=\"summary_large_image\" \/>\n<script type=\"application\/ld+json\" class=\"yoast-schema-graph\">{\"@context\":\"https:\/\/schema.org\",\"@graph\":[{\"@type\":\"WebPage\",\"@id\":\"https:\/\/www.labospa.ch\/produkt\/manicure-fuer-sie\/\",\"url\":\"https:\/\/www.labospa.ch\/produkt\/manicure-fuer-sie\/\",\"name\":\"Manicure f\u00fcr Sie - LABO Spa\",\"isPartOf\":{\"@id\":\"https:\/\/labospa.angularity.de\/#website\"},\"datePublished\":\"2021-01-31T01:03:43+00:00\",\"dateModified\":\"2022-07-12T07:38:58+00:00\",\"breadcrumb\":{\"@id\":\"https:\/\/www.labospa.ch\/produkt\/manicure-fuer-sie\/#breadcrumb\"},\"inLanguage\":\"en-US\",\"potentialAction\":[{\"@type\":\"ReadAction\",\"target\":[\"https:\/\/www.labospa.ch\/produkt\/manicure-fuer-sie\/\"]}]},{\"@type\":\"BreadcrumbList\",\"@id\":\"https:\/\/www.labospa.ch\/produkt\/manicure-fuer-sie\/#breadcrumb\",\"itemListElement\":[{\"@type\":\"ListItem\",\"position\":1,\"name\":\"Startseite\",\"item\":\"https:\/\/www.labospa.ch\/en\/\"},{\"@type\":\"ListItem\",\"position\":2,\"name\":\"Shop\",\"item\":\"https:\/\/www.labospa.ch\/en\/shop\/\"},{\"@type\":\"ListItem\",\"position\":3,\"name\":\"Manicure f\u00fcr Sie\"}]},{\"@type\":\"WebSite\",\"@id\":\"https:\/\/labospa.angularity.de\/#website\",\"url\":\"https:\/\/labospa.angularity.de\/\",\"name\":\"LABO Spa\",\"description\":\"Z\u00fcrich\",\"potentialAction\":[{\"@type\":\"SearchAction\",\"target\":{\"@type\":\"EntryPoint\",\"urlTemplate\":\"https:\/\/labospa.angularity.de\/?s={search_term_string}\"},\"query-input\":{\"@type\":\"PropertyValueSpecification\",\"valueRequired\":true,\"valueName\":\"search_term_string\"}}],\"inLanguage\":\"en-US\"}]}<\/script>\n<!-- \/ Yoast SEO plugin. -->","yoast_head_json":{"title":"Manicure f\u00fcr Sie - LABO Spa","robots":{"index":"noindex","follow":"follow","max-snippet":"max-snippet:-1","max-image-preview":"max-image-preview:large","max-video-preview":"max-video-preview:-1"},"og_locale":"en_US","og_type":"article","og_title":"Manicure f\u00fcr Sie - LABO Spa","og_description":"Ein ganzheitliches Sch\u00f6nheits- und Verw\u00f6hnprogramm f\u00fcr Ihre H\u00e4nde: eine fachgerechte Manik\u00fcre mit Anti-Aging Serum und Nagellackierung. nBei der 60 Min. Deluxe Manicure werden Sie zus\u00e4tzlich mit einer feuchtigkeitspendende Maske und Massage verw\u00f6hnt.","og_url":"https:\/\/www.labospa.ch\/produkt\/manicure-fuer-sie\/","og_site_name":"LABO Spa","article_modified_time":"2022-07-12T07:38:58+00:00","twitter_card":"summary_large_image","schema":{"@context":"https:\/\/schema.org","@graph":[{"@type":"WebPage","@id":"https:\/\/www.labospa.ch\/produkt\/manicure-fuer-sie\/","url":"https:\/\/www.labospa.ch\/produkt\/manicure-fuer-sie\/","name":"Manicure f\u00fcr Sie - LABO Spa","isPartOf":{"@id":"https:\/\/labospa.angularity.de\/#website"},"datePublished":"2021-01-31T01:03:43+00:00","dateModified":"2022-07-12T07:38:58+00:00","breadcrumb":{"@id":"https:\/\/www.labospa.ch\/produkt\/manicure-fuer-sie\/#breadcrumb"},"inLanguage":"en-US","potentialAction":[{"@type":"ReadAction","target":["https:\/\/www.labospa.ch\/produkt\/manicure-fuer-sie\/"]}]},{"@type":"BreadcrumbList","@id":"https:\/\/www.labospa.ch\/produkt\/manicure-fuer-sie\/#breadcrumb","itemListElement":[{"@type":"ListItem","position":1,"name":"Startseite","item":"https:\/\/www.labospa.ch\/en\/"},{"@type":"ListItem","position":2,"name":"Shop","item":"https:\/\/www.labospa.ch\/en\/shop\/"},{"@type":"ListItem","position":3,"name":"Manicure f\u00fcr Sie"}]},{"@type":"WebSite","@id":"https:\/\/labospa.angularity.de\/#website","url":"https:\/\/labospa.angularity.de\/","name":"LABO Spa","description":"Z\u00fcrich","potentialAction":[{"@type":"SearchAction","target":{"@type":"EntryPoint","urlTemplate":"https:\/\/labospa.angularity.de\/?s={search_term_string}"},"query-input":{"@type":"PropertyValueSpecification","valueRequired":true,"valueName":"search_term_string"}}],"inLanguage":"en-US"}]}},"_links":{"self":[{"href":"https:\/\/labospa.angularity.de\/en\/wp-json\/wp\/v2\/product\/1408","targetHints":{"allow":["GET"]}}],"collection":[{"href":"https:\/\/labospa.angularity.de\/en\/wp-json\/wp\/v2\/product"}],"about":[{"href":"https:\/\/labospa.angularity.de\/en\/wp-json\/wp\/v2\/types\/product"}],"wp:attachment":[{"href":"https:\/\/labospa.angularity.de\/en\/wp-json\/wp\/v2\/media?parent=1408"}],"wp:term":[{"taxonomy":"product_cat","embeddable":true,"href":"https:\/\/labospa.angularity.de\/en\/wp-json\/wp\/v2\/product_cat?post=1408"},{"taxonomy":"product_tag","embeddable":true,"href":"https:\/\/labospa.angularity.de\/en\/wp-json\/wp\/v2\/product_tag?post=1408"}],"curies":[{"name":"wp","href":"https:\/\/api.w.org\/{rel}","templated":true}]}}