{"id":1410,"date":"2021-01-31T01:03:44","date_gmt":"2021-01-31T01:03:44","guid":{"rendered":"https:\/\/labospa.digital-3m.com\/produkt\/ultimate-pedicure-fuer-ihn\/"},"modified":"2022-07-12T07:32:28","modified_gmt":"2022-07-12T07:32:28","slug":"ultimate-pedicure-fuer-ihn","status":"publish","type":"product","link":"https:\/\/labospa.angularity.de\/en\/produkt\/ultimate-pedicure-fuer-ihn\/","title":{"rendered":"Ultimate Pedicure f\u00fcr Ihn"},"content":{"rendered":"<p>Diese umfassende Fusspflegebehandlung ist eine wahre Wohltat f\u00fcr strapazierte M\u00e4nnerf\u00fcsse: Fussbad, Peeling und Nagelpflege kombiniert mit einer entspannenden feuchtigkeitspendenden Fussmassage.<\/p>\n","protected":false},"excerpt":{"rendered":"<p>Diese umfassende Fusspflegebehandlung ist eine wahre Wohltat f\u00fcr strapazierte M\u00e4nnerf\u00fcsse: Fussbad, Peeling und Nagelpflege kombiniert mit einer entspannenden feuchtigkeitspendenden Fussmassage.<\/p>\n","protected":false},"featured_media":0,"template":"","meta":{"_acf_changed":false},"product_cat":[66],"product_tag":[],"class_list":{"0":"post-1410","1":"product","2":"type-product","3":"status-publish","5":"product_cat-manicure-pedicure","6":"pa_dauer-50-min","8":"first","9":"instock","10":"taxable","11":"shipping-taxable","12":"purchasable","13":"product-type-variable","14":"has-default-attributes"},"acf":[],"yoast_head":"<!-- This site is optimized with the Yoast SEO plugin v24.0 - https:\/\/yoast.com\/wordpress\/plugins\/seo\/ -->\n<title>Ultimate Pedicure f\u00fcr Ihn - LABO Spa<\/title>\n<meta name=\"robots\" content=\"noindex, follow, max-snippet:-1, max-image-preview:large, max-video-preview:-1\" \/>\n<meta property=\"og:locale\" content=\"en_US\" \/>\n<meta property=\"og:type\" content=\"article\" \/>\n<meta property=\"og:title\" content=\"Ultimate Pedicure f\u00fcr Ihn - LABO Spa\" \/>\n<meta property=\"og:description\" content=\"Diese umfassende Fusspflegebehandlung ist eine wahre Wohltat f\u00fcr strapazierte M\u00e4nnerf\u00fcsse: Fussbad, Peeling und Nagelpflege kombiniert mit einer entspannenden feuchtigkeitspendenden Fussmassage.\" \/>\n<meta property=\"og:url\" content=\"https:\/\/www.labospa.ch\/produkt\/ultimate-pedicure-fuer-ihn\/\" \/>\n<meta property=\"og:site_name\" content=\"LABO Spa\" \/>\n<meta property=\"article:modified_time\" content=\"2022-07-12T07:32:28+00:00\" \/>\n<meta name=\"twitter:card\" content=\"summary_large_image\" \/>\n<script type=\"application\/ld+json\" class=\"yoast-schema-graph\">{\"@context\":\"https:\/\/schema.org\",\"@graph\":[{\"@type\":\"WebPage\",\"@id\":\"https:\/\/www.labospa.ch\/produkt\/ultimate-pedicure-fuer-ihn\/\",\"url\":\"https:\/\/www.labospa.ch\/produkt\/ultimate-pedicure-fuer-ihn\/\",\"name\":\"Ultimate Pedicure f\u00fcr Ihn - LABO Spa\",\"isPartOf\":{\"@id\":\"https:\/\/labospa.angularity.de\/#website\"},\"datePublished\":\"2021-01-31T01:03:44+00:00\",\"dateModified\":\"2022-07-12T07:32:28+00:00\",\"breadcrumb\":{\"@id\":\"https:\/\/www.labospa.ch\/produkt\/ultimate-pedicure-fuer-ihn\/#breadcrumb\"},\"inLanguage\":\"en-US\",\"potentialAction\":[{\"@type\":\"ReadAction\",\"target\":[\"https:\/\/www.labospa.ch\/produkt\/ultimate-pedicure-fuer-ihn\/\"]}]},{\"@type\":\"BreadcrumbList\",\"@id\":\"https:\/\/www.labospa.ch\/produkt\/ultimate-pedicure-fuer-ihn\/#breadcrumb\",\"itemListElement\":[{\"@type\":\"ListItem\",\"position\":1,\"name\":\"Startseite\",\"item\":\"https:\/\/www.labospa.ch\/en\/\"},{\"@type\":\"ListItem\",\"position\":2,\"name\":\"Shop\",\"item\":\"https:\/\/www.labospa.ch\/en\/shop\/\"},{\"@type\":\"ListItem\",\"position\":3,\"name\":\"Ultimate Pedicure f\u00fcr Ihn\"}]},{\"@type\":\"WebSite\",\"@id\":\"https:\/\/labospa.angularity.de\/#website\",\"url\":\"https:\/\/labospa.angularity.de\/\",\"name\":\"LABO Spa\",\"description\":\"Z\u00fcrich\",\"potentialAction\":[{\"@type\":\"SearchAction\",\"target\":{\"@type\":\"EntryPoint\",\"urlTemplate\":\"https:\/\/labospa.angularity.de\/?s={search_term_string}\"},\"query-input\":{\"@type\":\"PropertyValueSpecification\",\"valueRequired\":true,\"valueName\":\"search_term_string\"}}],\"inLanguage\":\"en-US\"}]}<\/script>\n<!-- \/ Yoast SEO plugin. -->","yoast_head_json":{"title":"Ultimate Pedicure f\u00fcr Ihn - LABO Spa","robots":{"index":"noindex","follow":"follow","max-snippet":"max-snippet:-1","max-image-preview":"max-image-preview:large","max-video-preview":"max-video-preview:-1"},"og_locale":"en_US","og_type":"article","og_title":"Ultimate Pedicure f\u00fcr Ihn - LABO Spa","og_description":"Diese umfassende Fusspflegebehandlung ist eine wahre Wohltat f\u00fcr strapazierte M\u00e4nnerf\u00fcsse: Fussbad, Peeling und Nagelpflege kombiniert mit einer entspannenden feuchtigkeitspendenden Fussmassage.","og_url":"https:\/\/www.labospa.ch\/produkt\/ultimate-pedicure-fuer-ihn\/","og_site_name":"LABO Spa","article_modified_time":"2022-07-12T07:32:28+00:00","twitter_card":"summary_large_image","schema":{"@context":"https:\/\/schema.org","@graph":[{"@type":"WebPage","@id":"https:\/\/www.labospa.ch\/produkt\/ultimate-pedicure-fuer-ihn\/","url":"https:\/\/www.labospa.ch\/produkt\/ultimate-pedicure-fuer-ihn\/","name":"Ultimate Pedicure f\u00fcr Ihn - LABO Spa","isPartOf":{"@id":"https:\/\/labospa.angularity.de\/#website"},"datePublished":"2021-01-31T01:03:44+00:00","dateModified":"2022-07-12T07:32:28+00:00","breadcrumb":{"@id":"https:\/\/www.labospa.ch\/produkt\/ultimate-pedicure-fuer-ihn\/#breadcrumb"},"inLanguage":"en-US","potentialAction":[{"@type":"ReadAction","target":["https:\/\/www.labospa.ch\/produkt\/ultimate-pedicure-fuer-ihn\/"]}]},{"@type":"BreadcrumbList","@id":"https:\/\/www.labospa.ch\/produkt\/ultimate-pedicure-fuer-ihn\/#breadcrumb","itemListElement":[{"@type":"ListItem","position":1,"name":"Startseite","item":"https:\/\/www.labospa.ch\/en\/"},{"@type":"ListItem","position":2,"name":"Shop","item":"https:\/\/www.labospa.ch\/en\/shop\/"},{"@type":"ListItem","position":3,"name":"Ultimate Pedicure f\u00fcr Ihn"}]},{"@type":"WebSite","@id":"https:\/\/labospa.angularity.de\/#website","url":"https:\/\/labospa.angularity.de\/","name":"LABO Spa","description":"Z\u00fcrich","potentialAction":[{"@type":"SearchAction","target":{"@type":"EntryPoint","urlTemplate":"https:\/\/labospa.angularity.de\/?s={search_term_string}"},"query-input":{"@type":"PropertyValueSpecification","valueRequired":true,"valueName":"search_term_string"}}],"inLanguage":"en-US"}]}},"_links":{"self":[{"href":"https:\/\/labospa.angularity.de\/en\/wp-json\/wp\/v2\/product\/1410","targetHints":{"allow":["GET"]}}],"collection":[{"href":"https:\/\/labospa.angularity.de\/en\/wp-json\/wp\/v2\/product"}],"about":[{"href":"https:\/\/labospa.angularity.de\/en\/wp-json\/wp\/v2\/types\/product"}],"wp:attachment":[{"href":"https:\/\/labospa.angularity.de\/en\/wp-json\/wp\/v2\/media?parent=1410"}],"wp:term":[{"taxonomy":"product_cat","embeddable":true,"href":"https:\/\/labospa.angularity.de\/en\/wp-json\/wp\/v2\/product_cat?post=1410"},{"taxonomy":"product_tag","embeddable":true,"href":"https:\/\/labospa.angularity.de\/en\/wp-json\/wp\/v2\/product_tag?post=1410"}],"curies":[{"name":"wp","href":"https:\/\/api.w.org\/{rel}","templated":true}]}}