{"id":1429,"date":"2021-01-31T01:03:48","date_gmt":"2021-01-31T01:03:48","guid":{"rendered":"https:\/\/labospa.digital-3m.com\/produkt\/spa-manicure\/"},"modified":"2024-03-22T08:41:55","modified_gmt":"2024-03-22T08:41:55","slug":"spa-manicure","status":"publish","type":"product","link":"https:\/\/labospa.angularity.de\/en\/produkt\/spa-manicure\/","title":{"rendered":"Spa Manicure"},"content":{"rendered":"<p>Ein ganzheitliches Sch\u00f6nheits- und Verw\u00f6hnprogramm f\u00fcr Ihre H\u00e4nde: revitalisierendes Handbad, Peeling, entspannende und feuchtigkeitspendende Massage, fachgerechte Manik\u00fcre und Nagellackierung.<\/p>\n","protected":false},"excerpt":{"rendered":"<p>Ein ganzheitliches Sch\u00f6nheits- und Verw\u00f6hnprogramm f\u00fcr Ihre H\u00e4nde: revitalisierendes Handbad, Peeling, entspannende und feuchtigkeitspendende Massage, fachgerechte Manik\u00fcre und Nagellackierung.<\/p>\n","protected":false},"featured_media":0,"template":"","meta":{"_acf_changed":false},"product_cat":[55],"product_tag":[],"class_list":{"0":"post-1429","1":"product","2":"type-product","3":"status-publish","5":"product_cat-labospa","7":"first","8":"outofstock","9":"taxable","10":"shipping-taxable","11":"product-type-variable"},"acf":[],"yoast_head":"<!-- This site is optimized with the Yoast SEO plugin v24.0 - https:\/\/yoast.com\/wordpress\/plugins\/seo\/ -->\n<title>Spa Manicure - LABO Spa<\/title>\n<meta name=\"robots\" content=\"noindex, follow, max-snippet:-1, max-image-preview:large, max-video-preview:-1\" \/>\n<meta property=\"og:locale\" content=\"en_US\" \/>\n<meta property=\"og:type\" content=\"article\" \/>\n<meta property=\"og:title\" content=\"Spa Manicure - LABO Spa\" \/>\n<meta property=\"og:description\" content=\"Ein ganzheitliches Sch\u00f6nheits- und Verw\u00f6hnprogramm f\u00fcr Ihre H\u00e4nde: revitalisierendes Handbad, Peeling, entspannende und feuchtigkeitspendende Massage, fachgerechte Manik\u00fcre und Nagellackierung.\" \/>\n<meta property=\"og:url\" content=\"https:\/\/www.labospa.ch\/produkt\/spa-manicure\/\" \/>\n<meta property=\"og:site_name\" content=\"LABO Spa\" \/>\n<meta property=\"article:modified_time\" content=\"2024-03-22T08:41:55+00:00\" \/>\n<meta name=\"twitter:card\" content=\"summary_large_image\" \/>\n<meta name=\"twitter:label1\" content=\"Est. reading time\" \/>\n\t<meta name=\"twitter:data1\" content=\"1 minute\" \/>\n<script type=\"application\/ld+json\" class=\"yoast-schema-graph\">{\"@context\":\"https:\/\/schema.org\",\"@graph\":[{\"@type\":\"WebPage\",\"@id\":\"https:\/\/www.labospa.ch\/produkt\/spa-manicure\/\",\"url\":\"https:\/\/www.labospa.ch\/produkt\/spa-manicure\/\",\"name\":\"Spa Manicure - LABO Spa\",\"isPartOf\":{\"@id\":\"https:\/\/labospa.angularity.de\/#website\"},\"datePublished\":\"2021-01-31T01:03:48+00:00\",\"dateModified\":\"2024-03-22T08:41:55+00:00\",\"breadcrumb\":{\"@id\":\"https:\/\/www.labospa.ch\/produkt\/spa-manicure\/#breadcrumb\"},\"inLanguage\":\"en-US\",\"potentialAction\":[{\"@type\":\"ReadAction\",\"target\":[\"https:\/\/www.labospa.ch\/produkt\/spa-manicure\/\"]}]},{\"@type\":\"BreadcrumbList\",\"@id\":\"https:\/\/www.labospa.ch\/produkt\/spa-manicure\/#breadcrumb\",\"itemListElement\":[{\"@type\":\"ListItem\",\"position\":1,\"name\":\"Startseite\",\"item\":\"https:\/\/www.labospa.ch\/en\/\"},{\"@type\":\"ListItem\",\"position\":2,\"name\":\"Shop\",\"item\":\"https:\/\/www.labospa.ch\/en\/shop\/\"},{\"@type\":\"ListItem\",\"position\":3,\"name\":\"Spa Manicure\"}]},{\"@type\":\"WebSite\",\"@id\":\"https:\/\/labospa.angularity.de\/#website\",\"url\":\"https:\/\/labospa.angularity.de\/\",\"name\":\"LABO Spa\",\"description\":\"Z\u00fcrich\",\"potentialAction\":[{\"@type\":\"SearchAction\",\"target\":{\"@type\":\"EntryPoint\",\"urlTemplate\":\"https:\/\/labospa.angularity.de\/?s={search_term_string}\"},\"query-input\":{\"@type\":\"PropertyValueSpecification\",\"valueRequired\":true,\"valueName\":\"search_term_string\"}}],\"inLanguage\":\"en-US\"}]}<\/script>\n<!-- \/ Yoast SEO plugin. -->","yoast_head_json":{"title":"Spa Manicure - LABO Spa","robots":{"index":"noindex","follow":"follow","max-snippet":"max-snippet:-1","max-image-preview":"max-image-preview:large","max-video-preview":"max-video-preview:-1"},"og_locale":"en_US","og_type":"article","og_title":"Spa Manicure - LABO Spa","og_description":"Ein ganzheitliches Sch\u00f6nheits- und Verw\u00f6hnprogramm f\u00fcr Ihre H\u00e4nde: revitalisierendes Handbad, Peeling, entspannende und feuchtigkeitspendende Massage, fachgerechte Manik\u00fcre und Nagellackierung.","og_url":"https:\/\/www.labospa.ch\/produkt\/spa-manicure\/","og_site_name":"LABO Spa","article_modified_time":"2024-03-22T08:41:55+00:00","twitter_card":"summary_large_image","twitter_misc":{"Est. reading time":"1 minute"},"schema":{"@context":"https:\/\/schema.org","@graph":[{"@type":"WebPage","@id":"https:\/\/www.labospa.ch\/produkt\/spa-manicure\/","url":"https:\/\/www.labospa.ch\/produkt\/spa-manicure\/","name":"Spa Manicure - LABO Spa","isPartOf":{"@id":"https:\/\/labospa.angularity.de\/#website"},"datePublished":"2021-01-31T01:03:48+00:00","dateModified":"2024-03-22T08:41:55+00:00","breadcrumb":{"@id":"https:\/\/www.labospa.ch\/produkt\/spa-manicure\/#breadcrumb"},"inLanguage":"en-US","potentialAction":[{"@type":"ReadAction","target":["https:\/\/www.labospa.ch\/produkt\/spa-manicure\/"]}]},{"@type":"BreadcrumbList","@id":"https:\/\/www.labospa.ch\/produkt\/spa-manicure\/#breadcrumb","itemListElement":[{"@type":"ListItem","position":1,"name":"Startseite","item":"https:\/\/www.labospa.ch\/en\/"},{"@type":"ListItem","position":2,"name":"Shop","item":"https:\/\/www.labospa.ch\/en\/shop\/"},{"@type":"ListItem","position":3,"name":"Spa Manicure"}]},{"@type":"WebSite","@id":"https:\/\/labospa.angularity.de\/#website","url":"https:\/\/labospa.angularity.de\/","name":"LABO Spa","description":"Z\u00fcrich","potentialAction":[{"@type":"SearchAction","target":{"@type":"EntryPoint","urlTemplate":"https:\/\/labospa.angularity.de\/?s={search_term_string}"},"query-input":{"@type":"PropertyValueSpecification","valueRequired":true,"valueName":"search_term_string"}}],"inLanguage":"en-US"}]}},"_links":{"self":[{"href":"https:\/\/labospa.angularity.de\/en\/wp-json\/wp\/v2\/product\/1429","targetHints":{"allow":["GET"]}}],"collection":[{"href":"https:\/\/labospa.angularity.de\/en\/wp-json\/wp\/v2\/product"}],"about":[{"href":"https:\/\/labospa.angularity.de\/en\/wp-json\/wp\/v2\/types\/product"}],"wp:attachment":[{"href":"https:\/\/labospa.angularity.de\/en\/wp-json\/wp\/v2\/media?parent=1429"}],"wp:term":[{"taxonomy":"product_cat","embeddable":true,"href":"https:\/\/labospa.angularity.de\/en\/wp-json\/wp\/v2\/product_cat?post=1429"},{"taxonomy":"product_tag","embeddable":true,"href":"https:\/\/labospa.angularity.de\/en\/wp-json\/wp\/v2\/product_tag?post=1429"}],"curies":[{"name":"wp","href":"https:\/\/api.w.org\/{rel}","templated":true}]}}