{"id":17578,"date":"2024-10-25T13:19:06","date_gmt":"2024-10-25T13:19:06","guid":{"rendered":"https:\/\/www.labospa.ch\/?post_type=product&#038;p=17578"},"modified":"2024-10-28T07:55:40","modified_gmt":"2024-10-28T07:55:40","slug":"swedish-massage-90-min","status":"publish","type":"product","link":"https:\/\/labospa.angularity.de\/en\/produkt\/swedish-massage-90-min\/","title":{"rendered":"Swedish Massage &#8211; 90 Min."},"content":{"rendered":"<p>Diese Ganzk\u00f6rpermassage entspannt die Muskeln, verbessert die Durchblutung, erh\u00f6ht die Beweglichkeit und stimuliert die Haut und das Nervensystem. Entwickelt, um den Bed\u00fcrfnissen Ihres K\u00f6rpers und Geistes gerecht zu werden, ist diese ma\u00dfgeschneiderte Massage unsere beliebteste Massage.<\/p>\n","protected":false},"excerpt":{"rendered":"<p>Diese Ganzk\u00f6rpermassage entspannt die Muskeln, verbessert die Durchblutung, erh\u00f6ht die Beweglichkeit und stimuliert die Haut und das Nervensystem. Entwickelt, um den Bed\u00fcrfnissen Ihres K\u00f6rpers und Geistes gerecht zu werden, ist diese ma\u00dfgeschneiderte Massage unsere beliebteste Massage.<\/p>\n","protected":false},"featured_media":0,"template":"","meta":{"_acf_changed":false},"product_cat":[54,61],"product_tag":[],"class_list":{"0":"post-17578","1":"product","2":"type-product","3":"status-publish","5":"product_cat-gutschein-labospa","6":"product_cat-massage","7":"pa_dauer-60-min","8":"pa_dauer-90-min","10":"first","11":"instock","12":"taxable","13":"shipping-taxable","14":"purchasable","15":"product-type-variable"},"acf":[],"yoast_head":"<!-- This site is optimized with the Yoast SEO plugin v24.0 - https:\/\/yoast.com\/wordpress\/plugins\/seo\/ -->\n<title>Swedish Massage - 90 Min. - LABO Spa<\/title>\n<meta name=\"robots\" content=\"noindex, follow, max-snippet:-1, max-image-preview:large, max-video-preview:-1\" \/>\n<meta property=\"og:locale\" content=\"en_US\" \/>\n<meta property=\"og:type\" content=\"article\" \/>\n<meta property=\"og:title\" content=\"Swedish Massage - 90 Min. - LABO Spa\" \/>\n<meta property=\"og:description\" content=\"Diese Ganzk\u00f6rpermassage entspannt die Muskeln, verbessert die Durchblutung, erh\u00f6ht die Beweglichkeit und stimuliert die Haut und das Nervensystem. Entwickelt, um den Bed\u00fcrfnissen Ihres K\u00f6rpers und Geistes gerecht zu werden, ist diese ma\u00dfgeschneiderte Massage unsere beliebteste Massage.\" \/>\n<meta property=\"og:url\" content=\"https:\/\/www.labospa.ch\/produkt\/swedish-massage-90-min\/\" \/>\n<meta property=\"og:site_name\" content=\"LABO Spa\" \/>\n<meta property=\"article:modified_time\" content=\"2024-10-28T07:55:40+00:00\" \/>\n<meta name=\"twitter:card\" content=\"summary_large_image\" \/>\n<script type=\"application\/ld+json\" class=\"yoast-schema-graph\">{\"@context\":\"https:\/\/schema.org\",\"@graph\":[{\"@type\":\"WebPage\",\"@id\":\"https:\/\/www.labospa.ch\/produkt\/swedish-massage-90-min\/\",\"url\":\"https:\/\/www.labospa.ch\/produkt\/swedish-massage-90-min\/\",\"name\":\"Swedish Massage - 90 Min. - LABO Spa\",\"isPartOf\":{\"@id\":\"https:\/\/labospa.angularity.de\/#website\"},\"datePublished\":\"2024-10-25T13:19:06+00:00\",\"dateModified\":\"2024-10-28T07:55:40+00:00\",\"breadcrumb\":{\"@id\":\"https:\/\/www.labospa.ch\/produkt\/swedish-massage-90-min\/#breadcrumb\"},\"inLanguage\":\"en-US\",\"potentialAction\":[{\"@type\":\"ReadAction\",\"target\":[\"https:\/\/www.labospa.ch\/produkt\/swedish-massage-90-min\/\"]}]},{\"@type\":\"BreadcrumbList\",\"@id\":\"https:\/\/www.labospa.ch\/produkt\/swedish-massage-90-min\/#breadcrumb\",\"itemListElement\":[{\"@type\":\"ListItem\",\"position\":1,\"name\":\"Startseite\",\"item\":\"https:\/\/www.labospa.ch\/en\/\"},{\"@type\":\"ListItem\",\"position\":2,\"name\":\"Shop\",\"item\":\"https:\/\/www.labospa.ch\/en\/shop\/\"},{\"@type\":\"ListItem\",\"position\":3,\"name\":\"Swedish Massage &#8211; 90 Min.\"}]},{\"@type\":\"WebSite\",\"@id\":\"https:\/\/labospa.angularity.de\/#website\",\"url\":\"https:\/\/labospa.angularity.de\/\",\"name\":\"LABO Spa\",\"description\":\"Z\u00fcrich\",\"potentialAction\":[{\"@type\":\"SearchAction\",\"target\":{\"@type\":\"EntryPoint\",\"urlTemplate\":\"https:\/\/labospa.angularity.de\/?s={search_term_string}\"},\"query-input\":{\"@type\":\"PropertyValueSpecification\",\"valueRequired\":true,\"valueName\":\"search_term_string\"}}],\"inLanguage\":\"en-US\"}]}<\/script>\n<!-- \/ Yoast SEO plugin. -->","yoast_head_json":{"title":"Swedish Massage - 90 Min. - LABO Spa","robots":{"index":"noindex","follow":"follow","max-snippet":"max-snippet:-1","max-image-preview":"max-image-preview:large","max-video-preview":"max-video-preview:-1"},"og_locale":"en_US","og_type":"article","og_title":"Swedish Massage - 90 Min. - LABO Spa","og_description":"Diese Ganzk\u00f6rpermassage entspannt die Muskeln, verbessert die Durchblutung, erh\u00f6ht die Beweglichkeit und stimuliert die Haut und das Nervensystem. Entwickelt, um den Bed\u00fcrfnissen Ihres K\u00f6rpers und Geistes gerecht zu werden, ist diese ma\u00dfgeschneiderte Massage unsere beliebteste Massage.","og_url":"https:\/\/www.labospa.ch\/produkt\/swedish-massage-90-min\/","og_site_name":"LABO Spa","article_modified_time":"2024-10-28T07:55:40+00:00","twitter_card":"summary_large_image","schema":{"@context":"https:\/\/schema.org","@graph":[{"@type":"WebPage","@id":"https:\/\/www.labospa.ch\/produkt\/swedish-massage-90-min\/","url":"https:\/\/www.labospa.ch\/produkt\/swedish-massage-90-min\/","name":"Swedish Massage - 90 Min. - LABO Spa","isPartOf":{"@id":"https:\/\/labospa.angularity.de\/#website"},"datePublished":"2024-10-25T13:19:06+00:00","dateModified":"2024-10-28T07:55:40+00:00","breadcrumb":{"@id":"https:\/\/www.labospa.ch\/produkt\/swedish-massage-90-min\/#breadcrumb"},"inLanguage":"en-US","potentialAction":[{"@type":"ReadAction","target":["https:\/\/www.labospa.ch\/produkt\/swedish-massage-90-min\/"]}]},{"@type":"BreadcrumbList","@id":"https:\/\/www.labospa.ch\/produkt\/swedish-massage-90-min\/#breadcrumb","itemListElement":[{"@type":"ListItem","position":1,"name":"Startseite","item":"https:\/\/www.labospa.ch\/en\/"},{"@type":"ListItem","position":2,"name":"Shop","item":"https:\/\/www.labospa.ch\/en\/shop\/"},{"@type":"ListItem","position":3,"name":"Swedish Massage &#8211; 90 Min."}]},{"@type":"WebSite","@id":"https:\/\/labospa.angularity.de\/#website","url":"https:\/\/labospa.angularity.de\/","name":"LABO Spa","description":"Z\u00fcrich","potentialAction":[{"@type":"SearchAction","target":{"@type":"EntryPoint","urlTemplate":"https:\/\/labospa.angularity.de\/?s={search_term_string}"},"query-input":{"@type":"PropertyValueSpecification","valueRequired":true,"valueName":"search_term_string"}}],"inLanguage":"en-US"}]}},"_links":{"self":[{"href":"https:\/\/labospa.angularity.de\/en\/wp-json\/wp\/v2\/product\/17578","targetHints":{"allow":["GET"]}}],"collection":[{"href":"https:\/\/labospa.angularity.de\/en\/wp-json\/wp\/v2\/product"}],"about":[{"href":"https:\/\/labospa.angularity.de\/en\/wp-json\/wp\/v2\/types\/product"}],"wp:attachment":[{"href":"https:\/\/labospa.angularity.de\/en\/wp-json\/wp\/v2\/media?parent=17578"}],"wp:term":[{"taxonomy":"product_cat","embeddable":true,"href":"https:\/\/labospa.angularity.de\/en\/wp-json\/wp\/v2\/product_cat?post=17578"},{"taxonomy":"product_tag","embeddable":true,"href":"https:\/\/labospa.angularity.de\/en\/wp-json\/wp\/v2\/product_tag?post=17578"}],"curies":[{"name":"wp","href":"https:\/\/api.w.org\/{rel}","templated":true}]}}